{"id":2,"date":"2024-02-29T13:20:19","date_gmt":"2024-02-29T12:20:19","guid":{"rendered":"http:\/\/www.nvnc.fr\/?page_id=2"},"modified":"2025-10-27T20:48:00","modified_gmt":"2025-10-27T19:48:00","slug":"n-v-n-c","status":"publish","type":"page","link":"https:\/\/www.nvnc.fr\/","title":{"rendered":"NVNC : Envisager la vie sous un autre angle !"},"content":{"rendered":"\n<p>Bienvenue sur <strong>NVNC<\/strong>, la plateforme o\u00f9 se m\u00ealent cr\u00e9ativit\u00e9 et narration, \u00e0 travers nos&nbsp;<strong><a href=\"https:\/\/www.nvnc.fr\/index.php\/category\/micro-serie\/\" title=\"\">micro-s\u00e9ries uniques<\/a><\/strong>&nbsp;et la saga \u00e9pique&nbsp;<strong>Two Pie<\/strong>.<\/p>\n\n\n\n<p>Je m\u2019appelle <strong>Adrien<\/strong>. Apr\u00e8s avoir mis fin \u00e0 mon ancienne cha\u00eene YouTube \u00ab\u00a0<strong><a href=\"https:\/\/www.youtube.com\/channel\/UC4nbx8YXcOEN3w5iagoBk-Q\" target=\"_blank\" rel=\"noopener\" title=\"\">OhMyDay<\/a><\/strong>\u00a0\u00bb et au site associ\u00e9, o\u00f9 je partageais des actualit\u00e9s et des r\u00e9flexions sur la technologie, j\u2019ai choisi de me r\u00e9inventer avec&nbsp;<strong>NVNC (NviewNcool)<\/strong>. Ce projet me permet d\u2019explorer un concept qui me tient \u00e0 c\u0153ur : les micro-s\u00e9ries. Ces vid\u00e9os courtes sont une mani\u00e8re pour moi d\u2019exprimer mes id\u00e9es cr\u00e9atives tout en affinant mes comp\u00e9tences artistiques.<\/p>\n\n\n\n<p>En parall\u00e8le, j\u2019ai d\u00e9velopp\u00e9&nbsp;<strong><a href=\"https:\/\/www.nvnc.fr\/index.php\/category\/two-pie\/\" title=\"\">Two Pie (Le monde d\u2019<em>Haedillya<\/em>)<\/a><\/strong>, un projet qui a commenc\u00e9 \u00e0 germer il y a pr\u00e8s de dix ans. Ce r\u00e9cit a \u00e9volu\u00e9 au fil du temps, pour devenir une v\u00e9ritable \u00e9pop\u00e9e remplie de myst\u00e8res et d\u2019aventures, m\u00ealant technologie et magie.<\/p>\n\n\n\n<p>Rejoignez-moi sur les r\u00e9seaux pour d\u00e9couvrir mes cr\u00e9ations, que ce soit \u00e0 travers des vid\u00e9os o\u00f9 je partage mon point de vue artistique, ou \u00e0 travers l\u2019univers fascinant <strong><em><a href=\"https:\/\/www.nvnc.fr\/index.php\/two-pie\/2024\/07\/15\/episode-0-la-decouverte-du-monde-dhaedillya\/62\/\" title=\"\">d\u2019Haedillya<\/a><\/em><\/strong>. Chaque aventure promet de vous surprendre et de vous immerger dans des mondes extraordinaires.<\/p>\n\n\n\n<p><strong>Retrouve-moi sur les r\u00e9seaux<\/strong><br>Je suis pr\u00e9sent sur de nombreuses plateformes pour partager mes cr\u00e9ations avec toi :<\/p>\n\n\n\n<ul class=\"wp-block-list\">\n<li><strong><a href=\"https:\/\/www.youtube.com\/channel\/UC2DAkl_I1OeuCFe4w5PgtkA\" target=\"_blank\" rel=\"noopener\" title=\"\">YouTube<\/a><\/strong><\/li>\n\n\n\n<li><strong><a href=\"https:\/\/www.linkedin.com\/company\/nvncfr\/\" target=\"_blank\" rel=\"noopener\" title=\"\">LinkedIn<\/a><\/strong><\/li>\n\n\n\n<li><strong><a href=\"https:\/\/www.facebook.com\/profile.php?id=61565086117020\" target=\"_blank\" rel=\"noopener\" title=\"\">Facebook<\/a><\/strong><\/li>\n\n\n\n<li><a href=\"https:\/\/nviewncool.fr\" target=\"_blank\" rel=\"noopener\" title=\"\">NviewNcool<\/a><\/li>\n\n\n\n<li><strong><a href=\"https:\/\/www.instagram.com\/nvnc_fr?fbclid=IwY2xjawF_b4pleHRuA2FlbQIxMAABHQYYv3IiOR9x8Ea4c7PszJt0qPzIQluq_SigtQgkL42d_X5xIDtE3_Xrgg_aem_Ljoe0QIBAvk8kZHyg6ChDQ\" target=\"_blank\" rel=\"noopener\" title=\"\">Instagram<\/a><\/strong><\/li>\n\n\n\n<li><strong><a href=\"https:\/\/www.tiktok.com\/@nvncfr?fbclid=IwY2xjawF_b5pleHRuA2FlbQIxMAABHb1gw6deTkvPUIpVCcLor5Di6Qb5tvuR1SoMCWXvA9Lyb3GhYLV81CTz5A_aem_fYXRpGylC2k3ACyy7xc99g\" target=\"_blank\" rel=\"noopener\" title=\"\">TikTok<\/a><\/strong><\/li>\n\n\n\n<li><strong><a href=\"https:\/\/discord.gg\/5peuxUGq\" target=\"_blank\" rel=\"noopener\" title=\"\">Discord<\/a><\/strong><\/li>\n\n\n\n<li><strong><a href=\"https:\/\/www.wattpad.com\/myworks\/379024518-le-monde-d%27haedillya-two-pie\" target=\"_blank\" rel=\"noopener\" title=\"\">Wattpad<\/a><\/strong>, o\u00f9 tu peux suivre la saga Two Pie.<\/li>\n\n\n\n<li><strong><a href=\"https:\/\/fr.tipeee.com\/nvnc-fr\/\" target=\"_blank\" rel=\"noopener\" title=\"\">Tipeee<\/a><\/strong>, pour un soutien<\/li>\n<\/ul>\n\n\n\n<p><strong>NVNC FR <\/strong>\u2014 Une cr\u00e9ation originale de <strong>NviewNcool\u00ae<\/strong><\/p>\n","protected":false},"excerpt":{"rendered":"<p>Bienvenue sur NVNC, la plateforme o\u00f9 se m\u00ealent cr\u00e9ativit\u00e9 et narration, \u00e0 travers nos&nbsp;micro-s\u00e9ries uniques&nbsp;et la saga \u00e9pique&nbsp;Two Pie. Je m\u2019appelle Adrien. Apr\u00e8s avoir mis fin \u00e0 mon ancienne cha\u00eene [&hellip;]<\/p>\n","protected":false},"author":1,"featured_media":0,"parent":0,"menu_order":0,"comment_status":"closed","ping_status":"closed","template":"","meta":{"_monsterinsights_skip_tracking":false,"_monsterinsights_sitenote_active":false,"_monsterinsights_sitenote_note":"","_monsterinsights_sitenote_category":0,"footnotes":""},"class_list":["post-2","page","type-page","status-publish","hentry"],"aioseo_notices":[],"_links":{"self":[{"href":"https:\/\/www.nvnc.fr\/index.php\/wp-json\/wp\/v2\/pages\/2","targetHints":{"allow":["GET"]}}],"collection":[{"href":"https:\/\/www.nvnc.fr\/index.php\/wp-json\/wp\/v2\/pages"}],"about":[{"href":"https:\/\/www.nvnc.fr\/index.php\/wp-json\/wp\/v2\/types\/page"}],"author":[{"embeddable":true,"href":"https:\/\/www.nvnc.fr\/index.php\/wp-json\/wp\/v2\/users\/1"}],"replies":[{"embeddable":true,"href":"https:\/\/www.nvnc.fr\/index.php\/wp-json\/wp\/v2\/comments?post=2"}],"version-history":[{"count":12,"href":"https:\/\/www.nvnc.fr\/index.php\/wp-json\/wp\/v2\/pages\/2\/revisions"}],"predecessor-version":[{"id":363,"href":"https:\/\/www.nvnc.fr\/index.php\/wp-json\/wp\/v2\/pages\/2\/revisions\/363"}],"wp:attachment":[{"href":"https:\/\/www.nvnc.fr\/index.php\/wp-json\/wp\/v2\/media?parent=2"}],"curies":[{"name":"wp","href":"https:\/\/api.w.org\/{rel}","templated":true}]}}